{"id":1321,"date":"2023-08-17T12:40:50","date_gmt":"2023-08-17T16:40:50","guid":{"rendered":"https:\/\/omnict.com\/careers\/"},"modified":"2023-09-14T11:21:51","modified_gmt":"2023-09-14T15:21:51","slug":"carrieres","status":"publish","type":"page","link":"https:\/\/omnict.com\/fr\/carrieres\/","title":{"rendered":"Carri\u00e8res"},"content":{"rendered":"\r\n<div  data-blockid=\"block-69e0b25728af0\" class=\"acf-wp-block panel-block acf-wp-block-parent-container page-banner fixed-height acf-wp-block-page-banner-single-image is-frontend-view  \" style=\" margin-bottom: var(--wp--preset--spacing--medium);\">\r\n\r\n      <div class=\"banner-row grid-breakout-container\">\r\n          <div class=\"banner-column column-media\">\r\n            <div class=\"slanted-edge-container media-container has-single-media has-media-type-image\">\r\n\r\n                              <!--single image container-->\r\n                <div class=\"single-image\">\r\n                  <img decoding=\"async\" src=\"https:\/\/omnict.com\/wp-content\/uploads\/2023\/08\/b74395bc96800b4703b4569c6f1e03dd-v2.jpg\" alt=\"\">\r\n                <\/div>\r\n                <!--END: single image container-->\r\n                          <\/div>\r\n\r\n            <!--angled shape container-->\r\n            <div class=\"angled-shape-image-container\">\r\n              <img decoding=\"async\" src=\"https:\/\/omnict.com\/wp-content\/themes\/omni\/images\/patterns\/angled-shapes-outline--green.png\" alt=\"\" role=\"presentation\">\r\n            <\/div>\r\n            <!--END: angled shape container-->\r\n          <\/div>\r\n\r\n          <div class=\"banner-column column-entry\">\r\n                          <div class=\"banner-header\">\r\n                <h1 class=\"banner-title my-0 is-uppercase\">Carri\u00e8res<\/h1>\r\n              <\/div>\r\n            \r\n            <div class=\"banner-content has-innerblocks\">\r\n              <div class=\"innerblocks-wrapper\">\r\n                <div class=\"acf-innerblocks-container\">\n\n<p>OMNI est bas\u00e9e \u00e0 Ottawa, Ontario, Canada. Nous sommes l&rsquo;un des principaux fournisseurs mondiaux de technologies de valorisation des d\u00e9chets en carburant propre avec plusieurs projets en cours en Am\u00e9rique du Nord, en Europe, en Asie et en Australie.<\/p>\n\n<\/div>\r\n              <\/div>\r\n            <\/div>\r\n            <!--<a href=\"#first\" class=\"banner-scroll-down-button\"><span class=\"sr\">Scroll Down<\/span><\/a>-->\r\n          <\/div>\r\n        <\/div>\r\n\r\n<\/div>\r\n\n\n\n<div  data-blockid=\"block-69e0b2572df82\" class=\"acf-wp-block panel-block acf-wp-block-parent-container acf-wp-block-section-group is-frontend-view   \" style=\" padding-bottom: var(--wp--preset--spacing--medium);  \">\n\n    <div class=\"inner-container\">\n  \n        <div class=\"has-innerblocks\">\n          <div class=\"innerblocks-wrapper\" style=\"\">\n            <div class=\"acf-innerblocks-container\">\n\n<p class=\"has-large-font-size\" style=\"margin-bottom:40px;line-height:1.1\"><strong>Si vous envisagez de contribuer \u00e0 l\u2019\u00e9conomie circulaire et \u00e0 un avenir meilleur, envisagez une carri\u00e8re chez nous!<\/strong><\/p>\n\n\n<div class=\"wpv-view-output\" data-toolset-views-view-editor=\"4b3c69506eabaf2ca770f42c142f7049\">\n<div class=\"wp-block-toolset-views-view-editor\"><form autocomplete=\"off\" name=\"wpv-filter-1025\" action=\"\/fr\/wp-json\/wp\/v2\/pages\/1321?wpv_view_count=1025\" method=\"get\" class=\"wpv-filter-form js-wpv-filter-form js-wpv-filter-form-1025 js-wpv-form-full\" data-viewnumber=\"1025\" data-viewid=\"1025\" data-viewhash=\"eyJuYW1lIjoiam9iLXBvc3RzLWxpc3RpbmcifQ==\" data-viewwidgetid=\"0\" data-orderby=\"\" data-order=\"\" data-orderbyas=\"\" data-orderbysecond=\"\" data-ordersecond=\"\" data-parametric=\"{&quot;query&quot;:&quot;normal&quot;,&quot;id&quot;:1025,&quot;view_id&quot;:1025,&quot;widget_id&quot;:0,&quot;view_hash&quot;:&quot;1025&quot;,&quot;action&quot;:&quot;\\\/fr\\\/wp-json\\\/wp\\\/v2\\\/pages\\\/1321?wpv_view_count=1025&quot;,&quot;sort&quot;:{&quot;orderby&quot;:&quot;&quot;,&quot;order&quot;:&quot;&quot;,&quot;orderby_as&quot;:&quot;&quot;,&quot;orderby_second&quot;:&quot;&quot;,&quot;order_second&quot;:&quot;&quot;},&quot;orderby&quot;:&quot;&quot;,&quot;order&quot;:&quot;&quot;,&quot;orderby_as&quot;:&quot;&quot;,&quot;orderby_second&quot;:&quot;&quot;,&quot;order_second&quot;:&quot;&quot;,&quot;ajax_form&quot;:&quot;&quot;,&quot;ajax_results&quot;:&quot;&quot;,&quot;effect&quot;:&quot;fade&quot;,&quot;prebefore&quot;:&quot;&quot;,&quot;before&quot;:&quot;&quot;,&quot;after&quot;:&quot;&quot;,&quot;attributes&quot;:[],&quot;environment&quot;:{&quot;current_post_id&quot;:1321,&quot;parent_post_id&quot;:1321,&quot;parent_term_id&quot;:0,&quot;parent_user_id&quot;:0,&quot;archive&quot;:{&quot;type&quot;:&quot;&quot;,&quot;name&quot;:&quot;&quot;,&quot;data&quot;:[]}},&quot;loop&quot;:{&quot;type&quot;:&quot;&quot;,&quot;name&quot;:&quot;&quot;,&quot;data&quot;:[],&quot;id&quot;:0}}\" data-attributes=\"[]\" data-environment=\"{&quot;current_post_id&quot;:1321,&quot;parent_post_id&quot;:1321,&quot;parent_term_id&quot;:0,&quot;parent_user_id&quot;:0,&quot;archive&quot;:{&quot;type&quot;:&quot;&quot;,&quot;name&quot;:&quot;&quot;,&quot;data&quot;:[]}}\"><input type=\"hidden\" class=\"js-wpv-dps-filter-data js-wpv-filter-data-for-this-form\" data-action=\"\/fr\/wp-json\/wp\/v2\/pages\/1321?wpv_view_count=1025\" data-page=\"1\" data-ajax=\"disable\" data-effect=\"fade\" data-maxpages=\"0\" data-ajaxprebefore=\"\" data-ajaxbefore=\"\" data-ajaxafter=\"\" \/><input class=\"wpv_view_count wpv_view_count-1025\" type=\"hidden\" name=\"wpv_view_count\" value=\"1025\" \/>\n\n<\/form>\n<div id=\"wpv-view-layout-1025\" class=\"js-wpv-view-layout js-wpv-layout-responsive js-wpv-view-layout-1025 wpv-pagination js-wpv-layout-has-pagination js-wpv-layout-infinite-scrolling wpv-pagination-preload-images js-wpv-layout-preload-images wpv-pagination-preload-pages js-wpv-layout-preload-pages\" style=\"visibility:hidden;\" data-viewnumber=\"1025\" data-pagination=\"{&quot;id&quot;:1025,&quot;query&quot;:&quot;normal&quot;,&quot;type&quot;:&quot;ajaxed&quot;,&quot;effect&quot;:&quot;infinite&quot;,&quot;duration&quot;:500,&quot;speed&quot;:5,&quot;pause_on_hover&quot;:&quot;enabled&quot;,&quot;stop_rollover&quot;:&quot;false&quot;,&quot;cache_pages&quot;:&quot;enabled&quot;,&quot;preload_images&quot;:&quot;enabled&quot;,&quot;preload_pages&quot;:&quot;enabled&quot;,&quot;preload_reach&quot;:1,&quot;spinner&quot;:&quot;builtin&quot;,&quot;spinner_image&quot;:&quot;&quot;,&quot;callback_next&quot;:&quot;&quot;,&quot;manage_history&quot;:&quot;enabled&quot;,&quot;has_controls_in_form&quot;:&quot;disabled&quot;,&quot;infinite_tolerance&quot;:0,&quot;max_pages&quot;:0,&quot;page&quot;:1,&quot;base_permalink&quot;:&quot;\/fr\/wp-json\/wp\/v2\/pages\/1321?wpv_view_count=1025&amp;wpv_paged=WPV_PAGE_NUM&quot;,&quot;loop&quot;:{&quot;type&quot;:&quot;&quot;,&quot;name&quot;:&quot;&quot;,&quot;data&quot;:[],&quot;id&quot;:0}}\" data-permalink=\"\/fr\/wp-json\/wp\/v2\/pages\/1321?wpv_view_count=1025\">\n\n\t\n\t\n\t\t<p>Il n\u2019y a actuellement aucune offre d\u2019emploi pour le moment.<\/p>\n\t\n<div class=\"load-more-container\"><\/div>\n<\/div>\n<\/div>\n<\/div>\n<\/div>\n          <\/div>\n        <\/div>\n\n\n        <\/div>\n    \n<\/div>\n","protected":false},"excerpt":{"rendered":"<p>OMNI is based in Ottawa, Ontario, Canada. We are a leading global supplier of waste-to-clean-fuel technology with multiple projects underway in North America, Europe, Asia and Australia.<\/p>\n","protected":false},"author":1,"featured_media":1012,"parent":0,"menu_order":0,"comment_status":"closed","ping_status":"closed","template":"","meta":{"_acf_changed":false,"footnotes":""},"class_list":["post-1321","page","type-page","status-publish","has-post-thumbnail","hentry"],"acf":[],"yoast_head":"<!-- This site is optimized with the Yoast SEO plugin v27.4 - https:\/\/yoast.com\/product\/yoast-seo-wordpress\/ -->\n<title>Carri\u00e8res | OMNI Conversion Technologies Inc.<\/title>\n<meta name=\"robots\" content=\"index, follow, max-snippet:-1, max-image-preview:large, max-video-preview:-1\" \/>\n<link rel=\"canonical\" href=\"https:\/\/omnict.com\/fr\/carrieres\/\" \/>\n<meta property=\"og:locale\" content=\"fr_FR\" \/>\n<meta property=\"og:type\" content=\"article\" \/>\n<meta property=\"og:title\" content=\"Carri\u00e8res | OMNI Conversion Technologies Inc.\" \/>\n<meta property=\"og:description\" content=\"OMNI is based in Ottawa, Ontario, Canada. We are a leading global supplier of waste-to-clean-fuel technology with multiple projects underway in North America, Europe, Asia and Australia.\" \/>\n<meta property=\"og:url\" content=\"https:\/\/omnict.com\/fr\/carrieres\/\" \/>\n<meta property=\"og:site_name\" content=\"OMNI Conversion Technologies Inc.\" \/>\n<meta property=\"article:modified_time\" content=\"2023-09-14T15:21:51+00:00\" \/>\n<meta property=\"og:image\" content=\"https:\/\/omnict.com\/wp-content\/uploads\/2023\/08\/b74395bc96800b4703b4569c6f1e03dd-v2.jpg\" \/>\n\t<meta property=\"og:image:width\" content=\"1772\" \/>\n\t<meta property=\"og:image:height\" content=\"1181\" \/>\n\t<meta property=\"og:image:type\" content=\"image\/jpeg\" \/>\n<meta name=\"twitter:card\" content=\"summary_large_image\" \/>\n<meta name=\"twitter:label1\" content=\"Dur\u00e9e de lecture estim\u00e9e\" \/>\n\t<meta name=\"twitter:data1\" content=\"1 minute\" \/>\n<script type=\"application\/ld+json\" class=\"yoast-schema-graph\">{\"@context\":\"https:\\\/\\\/schema.org\",\"@graph\":[{\"@type\":\"WebPage\",\"@id\":\"https:\\\/\\\/omnict.com\\\/fr\\\/carrieres\\\/\",\"url\":\"https:\\\/\\\/omnict.com\\\/fr\\\/carrieres\\\/\",\"name\":\"Carri\u00e8res | OMNI Conversion Technologies Inc.\",\"isPartOf\":{\"@id\":\"https:\\\/\\\/omnict.com\\\/#website\"},\"primaryImageOfPage\":{\"@id\":\"https:\\\/\\\/omnict.com\\\/fr\\\/carrieres\\\/#primaryimage\"},\"image\":{\"@id\":\"https:\\\/\\\/omnict.com\\\/fr\\\/carrieres\\\/#primaryimage\"},\"thumbnailUrl\":\"https:\\\/\\\/omnict.com\\\/wp-content\\\/uploads\\\/2023\\\/08\\\/b74395bc96800b4703b4569c6f1e03dd-v2.jpg\",\"datePublished\":\"2023-08-17T16:40:50+00:00\",\"dateModified\":\"2023-09-14T15:21:51+00:00\",\"breadcrumb\":{\"@id\":\"https:\\\/\\\/omnict.com\\\/fr\\\/carrieres\\\/#breadcrumb\"},\"inLanguage\":\"fr-FR\",\"potentialAction\":[{\"@type\":\"ReadAction\",\"target\":[\"https:\\\/\\\/omnict.com\\\/fr\\\/carrieres\\\/\"]}]},{\"@type\":\"ImageObject\",\"inLanguage\":\"fr-FR\",\"@id\":\"https:\\\/\\\/omnict.com\\\/fr\\\/carrieres\\\/#primaryimage\",\"url\":\"https:\\\/\\\/omnict.com\\\/wp-content\\\/uploads\\\/2023\\\/08\\\/b74395bc96800b4703b4569c6f1e03dd-v2.jpg\",\"contentUrl\":\"https:\\\/\\\/omnict.com\\\/wp-content\\\/uploads\\\/2023\\\/08\\\/b74395bc96800b4703b4569c6f1e03dd-v2.jpg\",\"width\":1772,\"height\":1181},{\"@type\":\"BreadcrumbList\",\"@id\":\"https:\\\/\\\/omnict.com\\\/fr\\\/carrieres\\\/#breadcrumb\",\"itemListElement\":[{\"@type\":\"ListItem\",\"position\":1,\"name\":\"Home\",\"item\":\"https:\\\/\\\/omnict.com\\\/fr\\\/\"},{\"@type\":\"ListItem\",\"position\":2,\"name\":\"Carri\u00e8res\"}]},{\"@type\":\"WebSite\",\"@id\":\"https:\\\/\\\/omnict.com\\\/#website\",\"url\":\"https:\\\/\\\/omnict.com\\\/\",\"name\":\"OMNI Conversion Technologies Inc.\",\"description\":\"\",\"potentialAction\":[{\"@type\":\"SearchAction\",\"target\":{\"@type\":\"EntryPoint\",\"urlTemplate\":\"https:\\\/\\\/omnict.com\\\/?s={search_term_string}\"},\"query-input\":{\"@type\":\"PropertyValueSpecification\",\"valueRequired\":true,\"valueName\":\"search_term_string\"}}],\"inLanguage\":\"fr-FR\"}]}<\/script>\n<!-- \/ Yoast SEO plugin. -->","yoast_head_json":{"title":"Carri\u00e8res | OMNI Conversion Technologies Inc.","robots":{"index":"index","follow":"follow","max-snippet":"max-snippet:-1","max-image-preview":"max-image-preview:large","max-video-preview":"max-video-preview:-1"},"canonical":"https:\/\/omnict.com\/fr\/carrieres\/","og_locale":"fr_FR","og_type":"article","og_title":"Carri\u00e8res | OMNI Conversion Technologies Inc.","og_description":"OMNI is based in Ottawa, Ontario, Canada. We are a leading global supplier of waste-to-clean-fuel technology with multiple projects underway in North America, Europe, Asia and Australia.","og_url":"https:\/\/omnict.com\/fr\/carrieres\/","og_site_name":"OMNI Conversion Technologies Inc.","article_modified_time":"2023-09-14T15:21:51+00:00","og_image":[{"width":1772,"height":1181,"url":"https:\/\/omnict.com\/wp-content\/uploads\/2023\/08\/b74395bc96800b4703b4569c6f1e03dd-v2.jpg","type":"image\/jpeg"}],"twitter_card":"summary_large_image","twitter_misc":{"Dur\u00e9e de lecture estim\u00e9e":"1 minute"},"schema":{"@context":"https:\/\/schema.org","@graph":[{"@type":"WebPage","@id":"https:\/\/omnict.com\/fr\/carrieres\/","url":"https:\/\/omnict.com\/fr\/carrieres\/","name":"Carri\u00e8res | OMNI Conversion Technologies Inc.","isPartOf":{"@id":"https:\/\/omnict.com\/#website"},"primaryImageOfPage":{"@id":"https:\/\/omnict.com\/fr\/carrieres\/#primaryimage"},"image":{"@id":"https:\/\/omnict.com\/fr\/carrieres\/#primaryimage"},"thumbnailUrl":"https:\/\/omnict.com\/wp-content\/uploads\/2023\/08\/b74395bc96800b4703b4569c6f1e03dd-v2.jpg","datePublished":"2023-08-17T16:40:50+00:00","dateModified":"2023-09-14T15:21:51+00:00","breadcrumb":{"@id":"https:\/\/omnict.com\/fr\/carrieres\/#breadcrumb"},"inLanguage":"fr-FR","potentialAction":[{"@type":"ReadAction","target":["https:\/\/omnict.com\/fr\/carrieres\/"]}]},{"@type":"ImageObject","inLanguage":"fr-FR","@id":"https:\/\/omnict.com\/fr\/carrieres\/#primaryimage","url":"https:\/\/omnict.com\/wp-content\/uploads\/2023\/08\/b74395bc96800b4703b4569c6f1e03dd-v2.jpg","contentUrl":"https:\/\/omnict.com\/wp-content\/uploads\/2023\/08\/b74395bc96800b4703b4569c6f1e03dd-v2.jpg","width":1772,"height":1181},{"@type":"BreadcrumbList","@id":"https:\/\/omnict.com\/fr\/carrieres\/#breadcrumb","itemListElement":[{"@type":"ListItem","position":1,"name":"Home","item":"https:\/\/omnict.com\/fr\/"},{"@type":"ListItem","position":2,"name":"Carri\u00e8res"}]},{"@type":"WebSite","@id":"https:\/\/omnict.com\/#website","url":"https:\/\/omnict.com\/","name":"OMNI Conversion Technologies Inc.","description":"","potentialAction":[{"@type":"SearchAction","target":{"@type":"EntryPoint","urlTemplate":"https:\/\/omnict.com\/?s={search_term_string}"},"query-input":{"@type":"PropertyValueSpecification","valueRequired":true,"valueName":"search_term_string"}}],"inLanguage":"fr-FR"}]}},"_links":{"self":[{"href":"https:\/\/omnict.com\/fr\/wp-json\/wp\/v2\/pages\/1321","targetHints":{"allow":["GET"]}}],"collection":[{"href":"https:\/\/omnict.com\/fr\/wp-json\/wp\/v2\/pages"}],"about":[{"href":"https:\/\/omnict.com\/fr\/wp-json\/wp\/v2\/types\/page"}],"author":[{"embeddable":true,"href":"https:\/\/omnict.com\/fr\/wp-json\/wp\/v2\/users\/1"}],"replies":[{"embeddable":true,"href":"https:\/\/omnict.com\/fr\/wp-json\/wp\/v2\/comments?post=1321"}],"version-history":[{"count":2,"href":"https:\/\/omnict.com\/fr\/wp-json\/wp\/v2\/pages\/1321\/revisions"}],"predecessor-version":[{"id":1324,"href":"https:\/\/omnict.com\/fr\/wp-json\/wp\/v2\/pages\/1321\/revisions\/1324"}],"wp:featuredmedia":[{"embeddable":true,"href":"https:\/\/omnict.com\/fr\/wp-json\/wp\/v2\/media\/1012"}],"wp:attachment":[{"href":"https:\/\/omnict.com\/fr\/wp-json\/wp\/v2\/media?parent=1321"}],"curies":[{"name":"wp","href":"https:\/\/api.w.org\/{rel}","templated":true}]}}