{"id":1308,"date":"2023-08-30T15:57:45","date_gmt":"2023-08-30T19:57:45","guid":{"rendered":"https:\/\/omnict.com\/resources\/"},"modified":"2023-09-14T10:50:38","modified_gmt":"2023-09-14T14:50:38","slug":"ressources","status":"publish","type":"page","link":"https:\/\/omnict.com\/fr\/ressources\/","title":{"rendered":"Ressources"},"content":{"rendered":"\r\n<div  data-blockid=\"block-69fcb0b94432a\" class=\"acf-wp-block panel-block acf-wp-block-parent-container page-banner fixed-height acf-wp-block-page-banner-single-image is-frontend-view  \" style=\" margin-bottom: var(--wp--preset--spacing--large);\">\r\n\r\n      <div class=\"banner-row grid-breakout-container\">\r\n          <div class=\"banner-column column-media\">\r\n            <div class=\"slanted-edge-container media-container has-single-media has-media-type-image\">\r\n\r\n                              <!--single image container-->\r\n                <div class=\"single-image\">\r\n                  <img decoding=\"async\" src=\"https:\/\/omnict.com\/wp-content\/uploads\/2023\/08\/2c47fe203645478817beda9d0d408af9-v2.jpg\" alt=\"A shelf with books\">\r\n                <\/div>\r\n                <!--END: single image container-->\r\n                          <\/div>\r\n\r\n            <!--angled shape container-->\r\n            <div class=\"angled-shape-image-container\">\r\n              <img decoding=\"async\" src=\"https:\/\/omnict.com\/wp-content\/themes\/omni\/images\/patterns\/angled-shapes-outline--green.png\" alt=\"\" role=\"presentation\">\r\n            <\/div>\r\n            <!--END: angled shape container-->\r\n          <\/div>\r\n\r\n          <div class=\"banner-column column-entry\">\r\n                          <div class=\"banner-header\">\r\n                <h1 class=\"banner-title my-0 is-uppercase\">Ressources<\/h1>\r\n              <\/div>\r\n            \r\n            <div class=\"banner-content has-innerblocks\">\r\n              <div class=\"innerblocks-wrapper\">\r\n                <div class=\"acf-innerblocks-container\">\n\n<p>OMNI Conversion Technologies est \u00e0 la pointe d\u2019un avenir \u00e9nerg\u00e9tique propre. Tout ce que nous faisons est soutenu par de puissantes recherches \u00e9valu\u00e9es par des pairs, des avanc\u00e9es technologiques innovantes et des applications perspicaces. Apprenez-en davantage ici.<\/p>\n\n<\/div>\r\n              <\/div>\r\n            <\/div>\r\n            <!--<a href=\"#first\" class=\"banner-scroll-down-button\"><span class=\"sr\">Scroll Down<\/span><\/a>-->\r\n          <\/div>\r\n        <\/div>\r\n\r\n<\/div>\r\n\n\n\n<div  data-blockid=\"block-69fcb0b94ec9c\" class=\"acf-wp-block panel-block acf-wp-block-parent-container acf-wp-block-section-group is-frontend-view   \" style=\"   margin-bottom: var(--wp--preset--spacing--medium);\">\n\n    <div class=\"inner-container\">\n  \n        <div class=\"has-innerblocks\">\n          <div class=\"innerblocks-wrapper\" style=\"\">\n            <div class=\"acf-innerblocks-container\">\n<div class=\"wpv-view-output\" data-toolset-views-view-editor=\"cfae4e1f5d21b93707849bb4ae71d43c\">\n<div class=\"wp-block-toolset-views-view-editor wpv-gutenberg-view-wrapper-1207\"><form autocomplete=\"off\" name=\"wpv-filter-1207\" action=\"\/fr\/wp-json\/wp\/v2\/pages\/1308?wpv_view_count=1207\" method=\"get\" class=\"wpv-filter-form js-wpv-filter-form js-wpv-filter-form-1207 js-wpv-form-full\" data-viewnumber=\"1207\" data-viewid=\"1207\" data-viewhash=\"eyJuYW1lIjoicmVzb3VyY2VzLWxpc3RpbmcifQ==\" data-viewwidgetid=\"0\" data-orderby=\"\" data-order=\"\" data-orderbyas=\"\" data-orderbysecond=\"\" data-ordersecond=\"\" data-parametric=\"{&quot;query&quot;:&quot;normal&quot;,&quot;id&quot;:1207,&quot;view_id&quot;:1207,&quot;widget_id&quot;:0,&quot;view_hash&quot;:&quot;1207&quot;,&quot;action&quot;:&quot;\\\/fr\\\/wp-json\\\/wp\\\/v2\\\/pages\\\/1308?wpv_view_count=1207&quot;,&quot;sort&quot;:{&quot;orderby&quot;:&quot;&quot;,&quot;order&quot;:&quot;&quot;,&quot;orderby_as&quot;:&quot;&quot;,&quot;orderby_second&quot;:&quot;&quot;,&quot;order_second&quot;:&quot;&quot;},&quot;orderby&quot;:&quot;&quot;,&quot;order&quot;:&quot;&quot;,&quot;orderby_as&quot;:&quot;&quot;,&quot;orderby_second&quot;:&quot;&quot;,&quot;order_second&quot;:&quot;&quot;,&quot;ajax_form&quot;:&quot;&quot;,&quot;ajax_results&quot;:&quot;&quot;,&quot;effect&quot;:&quot;fade&quot;,&quot;prebefore&quot;:&quot;&quot;,&quot;before&quot;:&quot;&quot;,&quot;after&quot;:&quot;&quot;,&quot;attributes&quot;:[],&quot;environment&quot;:{&quot;current_post_id&quot;:1308,&quot;parent_post_id&quot;:1308,&quot;parent_term_id&quot;:0,&quot;parent_user_id&quot;:0,&quot;archive&quot;:{&quot;type&quot;:&quot;&quot;,&quot;name&quot;:&quot;&quot;,&quot;data&quot;:[]}},&quot;loop&quot;:{&quot;type&quot;:&quot;&quot;,&quot;name&quot;:&quot;&quot;,&quot;data&quot;:[],&quot;id&quot;:0}}\" data-attributes=\"[]\" data-environment=\"{&quot;current_post_id&quot;:1308,&quot;parent_post_id&quot;:1308,&quot;parent_term_id&quot;:0,&quot;parent_user_id&quot;:0,&quot;archive&quot;:{&quot;type&quot;:&quot;&quot;,&quot;name&quot;:&quot;&quot;,&quot;data&quot;:[]}}\"><input type=\"hidden\" class=\"js-wpv-dps-filter-data js-wpv-filter-data-for-this-form\" data-action=\"\/fr\/wp-json\/wp\/v2\/pages\/1308?wpv_view_count=1207\" data-page=\"1\" data-ajax=\"disable\" data-effect=\"fade\" data-maxpages=\"1\" data-ajaxprebefore=\"\" data-ajaxbefore=\"\" data-ajaxafter=\"\" \/><input class=\"wpv_view_count wpv_view_count-1207\" type=\"hidden\" name=\"wpv_view_count\" value=\"1207\" \/>\n\n<\/form>\n<div id=\"wpv-view-layout-1207\" class=\"js-wpv-view-layout js-wpv-layout-responsive js-wpv-view-layout-1207 wpv-pagination js-wpv-layout-has-pagination js-wpv-layout-infinite-scrolling wpv-pagination-preload-images js-wpv-layout-preload-images wpv-pagination-preload-pages js-wpv-layout-preload-pages\" style=\"visibility:hidden;\" data-viewnumber=\"1207\" data-pagination=\"{&quot;id&quot;:1207,&quot;query&quot;:&quot;normal&quot;,&quot;type&quot;:&quot;ajaxed&quot;,&quot;effect&quot;:&quot;infinite&quot;,&quot;duration&quot;:500,&quot;speed&quot;:5,&quot;pause_on_hover&quot;:&quot;enabled&quot;,&quot;stop_rollover&quot;:&quot;false&quot;,&quot;cache_pages&quot;:&quot;enabled&quot;,&quot;preload_images&quot;:&quot;enabled&quot;,&quot;preload_pages&quot;:&quot;enabled&quot;,&quot;preload_reach&quot;:1,&quot;spinner&quot;:&quot;builtin&quot;,&quot;spinner_image&quot;:&quot;&quot;,&quot;callback_next&quot;:&quot;&quot;,&quot;manage_history&quot;:&quot;enabled&quot;,&quot;has_controls_in_form&quot;:&quot;disabled&quot;,&quot;infinite_tolerance&quot;:0,&quot;max_pages&quot;:1,&quot;page&quot;:1,&quot;base_permalink&quot;:&quot;\/fr\/wp-json\/wp\/v2\/pages\/1308?wpv_view_count=1207&amp;wpv_paged=WPV_PAGE_NUM&quot;,&quot;loop&quot;:{&quot;type&quot;:&quot;&quot;,&quot;name&quot;:&quot;&quot;,&quot;data&quot;:[],&quot;id&quot;:0}}\" data-permalink=\"\/fr\/wp-json\/wp\/v2\/pages\/1308?wpv_view_count=1207\">\n\n\t\n\t<div class=\"listing listing-list-view listing-entry-has-border-top listing-resources\">\n\t\n\t<!-- WPV_Infinite_Scroll --><!-- WPV_Infinite_Scroll_Insert -->\n\t\t<div class=\"entry-item entry-item-1313 flex-layout\">\n  \n      <figure class=\"entry-featured-image my-0\" role=\"none\">\n              <img decoding=\"async\" src=\"https:\/\/omnict.com\/wp-content\/uploads\/2023\/08\/OMNI-Brochure-April-2023-1.jpg\" alt=\"\">\n            <\/figure>\n  \n  \n  <div class=\"entry-description-container\">\n      <h3 class=\"entry-title is-style-wp-block-heading-h4\">Omni200 Brochure<\/h3>\n  \n<p>Consultez notre brochure Omni200 pour conna\u00eetre les sp\u00e9cifications, les fonctionnalit\u00e9s et les applications du processus.<\/p>\n\n\n    <div class=\"entry-link-container\">\n      <div class=\"acf-wp-block-button\">\n        \n        <a class=\"acf-wp-block-button__link sp-button has-text-weight is-semi-bold is-uppercase button-slanted has-arrow--right has-button-fill-color has-yellow-fill-color\" href='https:\/\/omnict.com\/wp-content\/uploads\/2023\/08\/OMNI-Brochure-April-2023.pdf' target=\"_blank\" rel=\"noopener\"><span class=\"link-text\">T\u00e9l\u00e9charger<\/span><\/a>\n        \n        \n      <\/div>\n    <\/div>\n  <\/div> \n<\/div>\n\t\n\t\t<div class=\"entry-item entry-item-1312 flex-layout\">\n  \n      <figure class=\"entry-featured-image my-0\" role=\"none\">\n              <img decoding=\"async\" src=\"https:\/\/omnict.com\/wp-content\/uploads\/2023\/09\/PTR-Demonstration-Plant.png\" alt=\"\">\n            <\/figure>\n  \n  \n  <div class=\"entry-description-container\">\n      <h3 class=\"entry-title is-style-wp-block-heading-h4\">PTR Demonstration Facility Image Library<\/h3>\n  \n<p>Explorez une collection de photos de l\u2019usine de d\u00e9monstration \u00e0 l\u2019\u00e9chelle commerciale.<\/p>\n\n\n    <div class=\"entry-link-container\">\n      <div class=\"acf-wp-block-button\">\n        \n        <a class=\"acf-wp-block-button__link sp-button has-text-weight is-semi-bold is-uppercase button-slanted has-arrow--right has-button-fill-color has-yellow-fill-color\" href='https:\/\/omnict.com\/wp-content\/uploads\/2023\/09\/PTR-Demonstration-Facility-Image-Library.pdf' target=\"_blank\" rel=\"noopener\"><span class=\"link-text\">T\u00e9l\u00e9charger<\/span><\/a>\n        \n        \n      <\/div>\n    <\/div>\n  <\/div> \n<\/div>\n\t\n\t\t<div class=\"entry-item entry-item-1311 flex-layout\">\n  \n  \n      \n              <figure class=\"entry-featured-image my-0\" role=\"none\"><img decoding=\"async\" src=\"https:\/\/omnict.com\/wp-content\/uploads\/2023\/08\/Larsen-Investment.png\" alt=\"\"><\/figure>\n            \n  \n  <div class=\"entry-description-container\">\n      <h3 class=\"entry-title is-style-wp-block-heading-h4\">Un investisseur providentiel milliardaire mise sur une entreprise canadienne qui convertirait ses d\u00e9chets en carburant<\/h3>\n  \n<p>Regardez une interview de Chris Larsen, co-fondateur de Ripple, sur son investissement dans la technologie Omni.<\/p>\n\n\n    <div class=\"entry-link-container\">\n      <div class=\"acf-wp-block-button\">\n        \n        \n        <a class=\"acf-wp-block-button__link sp-button has-text-weight is-semi-bold is-uppercase button-slanted has-arrow--right has-button-fill-color has-yellow-fill-color\" href='https:\/\/www.bnnbloomberg.ca\/technology\/video\/billionaire-angel-investor-bets-on-canadian-company-converting-waste-to-fuel~2189795?jwsource=cl' target=\"_blank\" rel=\"noopener\"><span class=\"link-text\">Apprendre encore plus<\/span><\/a>\n        \n      <\/div>\n    <\/div>\n  <\/div> \n<\/div>\n\t<!-- WPV_Infinite_Scroll -->\n\t\n    <\/div>\n\t\n\t\n<div class=\"load-more-container\"><\/div>\n<\/div>\n<\/div>\n<\/div>\n<\/div>\n          <\/div>\n        <\/div>\n\n\n        <\/div>\n    \n<\/div>\n","protected":false},"excerpt":{"rendered":"<p>OMNI Conversion Technologies is at the cutting edge of a clean energy future. All we do is bolstered by powerful peer-reviewed research, innovative tech advancements and insightful applications. Find out more here.<\/p>\n","protected":false},"author":1,"featured_media":1221,"parent":0,"menu_order":0,"comment_status":"closed","ping_status":"closed","template":"","meta":{"_acf_changed":false,"footnotes":""},"class_list":["post-1308","page","type-page","status-publish","has-post-thumbnail","hentry"],"acf":[],"yoast_head":"<!-- This site is optimized with the Yoast SEO plugin v27.5 - https:\/\/yoast.com\/product\/yoast-seo-wordpress\/ -->\n<title>Ressources | OMNI Conversion Technologies Inc.<\/title>\n<meta name=\"robots\" content=\"index, follow, max-snippet:-1, max-image-preview:large, max-video-preview:-1\" \/>\n<link rel=\"canonical\" href=\"https:\/\/omnict.com\/fr\/ressources\/\" \/>\n<meta property=\"og:locale\" content=\"fr_FR\" \/>\n<meta property=\"og:type\" content=\"article\" \/>\n<meta property=\"og:title\" content=\"Ressources | OMNI Conversion Technologies Inc.\" \/>\n<meta property=\"og:description\" content=\"OMNI Conversion Technologies is at the cutting edge of a clean energy future. All we do is bolstered by powerful peer-reviewed research, innovative tech advancements and insightful applications. Find out more here.\" \/>\n<meta property=\"og:url\" content=\"https:\/\/omnict.com\/fr\/ressources\/\" \/>\n<meta property=\"og:site_name\" content=\"OMNI Conversion Technologies Inc.\" \/>\n<meta property=\"article:modified_time\" content=\"2023-09-14T14:50:38+00:00\" \/>\n<meta property=\"og:image\" content=\"https:\/\/omnict.com\/wp-content\/uploads\/2023\/08\/2c47fe203645478817beda9d0d408af9-v2.jpg\" \/>\n\t<meta property=\"og:image:width\" content=\"1772\" \/>\n\t<meta property=\"og:image:height\" content=\"1181\" \/>\n\t<meta property=\"og:image:type\" content=\"image\/jpeg\" \/>\n<meta name=\"twitter:card\" content=\"summary_large_image\" \/>\n<meta name=\"twitter:label1\" content=\"Dur\u00e9e de lecture estim\u00e9e\" \/>\n\t<meta name=\"twitter:data1\" content=\"1 minute\" \/>\n<script type=\"application\/ld+json\" class=\"yoast-schema-graph\">{\"@context\":\"https:\\\/\\\/schema.org\",\"@graph\":[{\"@type\":\"WebPage\",\"@id\":\"https:\\\/\\\/omnict.com\\\/fr\\\/ressources\\\/\",\"url\":\"https:\\\/\\\/omnict.com\\\/fr\\\/ressources\\\/\",\"name\":\"Ressources | OMNI Conversion Technologies Inc.\",\"isPartOf\":{\"@id\":\"https:\\\/\\\/omnict.com\\\/#website\"},\"primaryImageOfPage\":{\"@id\":\"https:\\\/\\\/omnict.com\\\/fr\\\/ressources\\\/#primaryimage\"},\"image\":{\"@id\":\"https:\\\/\\\/omnict.com\\\/fr\\\/ressources\\\/#primaryimage\"},\"thumbnailUrl\":\"https:\\\/\\\/omnict.com\\\/wp-content\\\/uploads\\\/2023\\\/08\\\/2c47fe203645478817beda9d0d408af9-v2.jpg\",\"datePublished\":\"2023-08-30T19:57:45+00:00\",\"dateModified\":\"2023-09-14T14:50:38+00:00\",\"breadcrumb\":{\"@id\":\"https:\\\/\\\/omnict.com\\\/fr\\\/ressources\\\/#breadcrumb\"},\"inLanguage\":\"fr-FR\",\"potentialAction\":[{\"@type\":\"ReadAction\",\"target\":[\"https:\\\/\\\/omnict.com\\\/fr\\\/ressources\\\/\"]}]},{\"@type\":\"ImageObject\",\"inLanguage\":\"fr-FR\",\"@id\":\"https:\\\/\\\/omnict.com\\\/fr\\\/ressources\\\/#primaryimage\",\"url\":\"https:\\\/\\\/omnict.com\\\/wp-content\\\/uploads\\\/2023\\\/08\\\/2c47fe203645478817beda9d0d408af9-v2.jpg\",\"contentUrl\":\"https:\\\/\\\/omnict.com\\\/wp-content\\\/uploads\\\/2023\\\/08\\\/2c47fe203645478817beda9d0d408af9-v2.jpg\",\"width\":1772,\"height\":1181,\"caption\":\"A shelf with books\"},{\"@type\":\"BreadcrumbList\",\"@id\":\"https:\\\/\\\/omnict.com\\\/fr\\\/ressources\\\/#breadcrumb\",\"itemListElement\":[{\"@type\":\"ListItem\",\"position\":1,\"name\":\"Home\",\"item\":\"https:\\\/\\\/omnict.com\\\/fr\\\/\"},{\"@type\":\"ListItem\",\"position\":2,\"name\":\"Ressources\"}]},{\"@type\":\"WebSite\",\"@id\":\"https:\\\/\\\/omnict.com\\\/#website\",\"url\":\"https:\\\/\\\/omnict.com\\\/\",\"name\":\"OMNI Conversion Technologies Inc.\",\"description\":\"\",\"potentialAction\":[{\"@type\":\"SearchAction\",\"target\":{\"@type\":\"EntryPoint\",\"urlTemplate\":\"https:\\\/\\\/omnict.com\\\/?s={search_term_string}\"},\"query-input\":{\"@type\":\"PropertyValueSpecification\",\"valueRequired\":true,\"valueName\":\"search_term_string\"}}],\"inLanguage\":\"fr-FR\"}]}<\/script>\n<!-- \/ Yoast SEO plugin. -->","yoast_head_json":{"title":"Ressources | OMNI Conversion Technologies Inc.","robots":{"index":"index","follow":"follow","max-snippet":"max-snippet:-1","max-image-preview":"max-image-preview:large","max-video-preview":"max-video-preview:-1"},"canonical":"https:\/\/omnict.com\/fr\/ressources\/","og_locale":"fr_FR","og_type":"article","og_title":"Ressources | OMNI Conversion Technologies Inc.","og_description":"OMNI Conversion Technologies is at the cutting edge of a clean energy future. All we do is bolstered by powerful peer-reviewed research, innovative tech advancements and insightful applications. Find out more here.","og_url":"https:\/\/omnict.com\/fr\/ressources\/","og_site_name":"OMNI Conversion Technologies Inc.","article_modified_time":"2023-09-14T14:50:38+00:00","og_image":[{"width":1772,"height":1181,"url":"https:\/\/omnict.com\/wp-content\/uploads\/2023\/08\/2c47fe203645478817beda9d0d408af9-v2.jpg","type":"image\/jpeg"}],"twitter_card":"summary_large_image","twitter_misc":{"Dur\u00e9e de lecture estim\u00e9e":"1 minute"},"schema":{"@context":"https:\/\/schema.org","@graph":[{"@type":"WebPage","@id":"https:\/\/omnict.com\/fr\/ressources\/","url":"https:\/\/omnict.com\/fr\/ressources\/","name":"Ressources | OMNI Conversion Technologies Inc.","isPartOf":{"@id":"https:\/\/omnict.com\/#website"},"primaryImageOfPage":{"@id":"https:\/\/omnict.com\/fr\/ressources\/#primaryimage"},"image":{"@id":"https:\/\/omnict.com\/fr\/ressources\/#primaryimage"},"thumbnailUrl":"https:\/\/omnict.com\/wp-content\/uploads\/2023\/08\/2c47fe203645478817beda9d0d408af9-v2.jpg","datePublished":"2023-08-30T19:57:45+00:00","dateModified":"2023-09-14T14:50:38+00:00","breadcrumb":{"@id":"https:\/\/omnict.com\/fr\/ressources\/#breadcrumb"},"inLanguage":"fr-FR","potentialAction":[{"@type":"ReadAction","target":["https:\/\/omnict.com\/fr\/ressources\/"]}]},{"@type":"ImageObject","inLanguage":"fr-FR","@id":"https:\/\/omnict.com\/fr\/ressources\/#primaryimage","url":"https:\/\/omnict.com\/wp-content\/uploads\/2023\/08\/2c47fe203645478817beda9d0d408af9-v2.jpg","contentUrl":"https:\/\/omnict.com\/wp-content\/uploads\/2023\/08\/2c47fe203645478817beda9d0d408af9-v2.jpg","width":1772,"height":1181,"caption":"A shelf with books"},{"@type":"BreadcrumbList","@id":"https:\/\/omnict.com\/fr\/ressources\/#breadcrumb","itemListElement":[{"@type":"ListItem","position":1,"name":"Home","item":"https:\/\/omnict.com\/fr\/"},{"@type":"ListItem","position":2,"name":"Ressources"}]},{"@type":"WebSite","@id":"https:\/\/omnict.com\/#website","url":"https:\/\/omnict.com\/","name":"OMNI Conversion Technologies Inc.","description":"","potentialAction":[{"@type":"SearchAction","target":{"@type":"EntryPoint","urlTemplate":"https:\/\/omnict.com\/?s={search_term_string}"},"query-input":{"@type":"PropertyValueSpecification","valueRequired":true,"valueName":"search_term_string"}}],"inLanguage":"fr-FR"}]}},"_links":{"self":[{"href":"https:\/\/omnict.com\/fr\/wp-json\/wp\/v2\/pages\/1308","targetHints":{"allow":["GET"]}}],"collection":[{"href":"https:\/\/omnict.com\/fr\/wp-json\/wp\/v2\/pages"}],"about":[{"href":"https:\/\/omnict.com\/fr\/wp-json\/wp\/v2\/types\/page"}],"author":[{"embeddable":true,"href":"https:\/\/omnict.com\/fr\/wp-json\/wp\/v2\/users\/1"}],"replies":[{"embeddable":true,"href":"https:\/\/omnict.com\/fr\/wp-json\/wp\/v2\/comments?post=1308"}],"version-history":[{"count":3,"href":"https:\/\/omnict.com\/fr\/wp-json\/wp\/v2\/pages\/1308\/revisions"}],"predecessor-version":[{"id":1316,"href":"https:\/\/omnict.com\/fr\/wp-json\/wp\/v2\/pages\/1308\/revisions\/1316"}],"wp:featuredmedia":[{"embeddable":true,"href":"https:\/\/omnict.com\/fr\/wp-json\/wp\/v2\/media\/1221"}],"wp:attachment":[{"href":"https:\/\/omnict.com\/fr\/wp-json\/wp\/v2\/media?parent=1308"}],"curies":[{"name":"wp","href":"https:\/\/api.w.org\/{rel}","templated":true}]}}