{"id":1136,"date":"2023-08-02T15:23:59","date_gmt":"2023-08-02T19:23:59","guid":{"rendered":"https:\/\/omni23.isunderconstruction.com\/privacy-and-legal\/"},"modified":"2023-09-20T16:32:02","modified_gmt":"2023-09-20T20:32:02","slug":"confidentialite-et-mentions-legales","status":"publish","type":"page","link":"https:\/\/omnict.com\/fr\/confidentialite-et-mentions-legales\/","title":{"rendered":"Confidentialit\u00e9 et mentions l\u00e9gales"},"content":{"rendered":"<p>Ce site Web a \u00e9t\u00e9 con\u00e7u pour fournir des informations g\u00e9n\u00e9rales sur OMNI CONVERSION TECHNOLOGIES INC. Toute information contenue ou r\u00e9f\u00e9renc\u00e9e dans ce site Web ne sert qu&rsquo;\u00e0 titre d&rsquo;introduction \u00e0 OMNI CONVERSION TECHNOLOGIES et \u00e0 ses offres de produits et de services. Pour des informations sp\u00e9cifiques, veuillez contacter directement OMNI CONVERSION TECHNOLOGIES.<\/p>\n<p>Toutes les images et informations contenues dans ce site Web sont la propri\u00e9t\u00e9 d&rsquo;OMNI CONVERSION TECHNOLOGIES. Dans la mesure du possible, des droits d&rsquo;auteur, des brevets ou toute autre protection de la propri\u00e9t\u00e9 intellectuelle existent dans toutes les images et informations de ce site Web. Tous les noms de produits figurant sur ce site Web sont des marques commerciales d&rsquo;OMNI CONVERSION TECHNOLOGIES ou d&rsquo;un tiers. Aucune utilisation de ces informations n&rsquo;est autoris\u00e9e sans le consentement \u00e9crit pr\u00e9alable d&rsquo;OMNI CONVERSION TECHNOLOGIES, sauf lorsque ces informations, sous une forme non modifi\u00e9e, sont utilis\u00e9es pour promouvoir OMNI CONVERSION TECHNOLOGIES et\/ou ses offres de produits et services. Veuillez contacter OMNI CONVERSION TECHNOLOGIES pour obtenir l\u2019autorisation d\u2019utiliser l\u2019une des images ou informations contenues sur ce site Web.<\/p>\n<p>Les informations contenues sur ce site Web peuvent contenir des d\u00e9clarations prospectives. Ces d\u00e9clarations sont bas\u00e9es sur les attentes actuelles de la direction et sont soumises \u00e0 un certain nombre de risques, de facteurs et d&rsquo;incertitudes qui peuvent faire en sorte que les r\u00e9sultats, \u00e9v\u00e9nements et performances r\u00e9els diff\u00e8rent sensiblement de ceux mentionn\u00e9s dans les d\u00e9clarations prospectives.<\/p>\n<p>OMNI CONVERSION TECHNOLOGIES NE FAIT AUCUNE D\u00c9CLARATION OU GARANTIE, EXPRESSE OU IMPLICITE, QUE TOUTE UTILISATION DES INFORMATIONS CONTENUES DANS LES PR\u00c9SENTES NE VIONNERA AUCUN BREVET, DROIT D&rsquo;AUTEUR OU MARQUE COMMERCIALE. RIEN CONTENU DANS LES PR\u00c9SENTES NE DOIT \u00caTRE INTERPR\u00c9T\u00c9 COMME CONF\u00c9RANT UNE LICENCE, QUE CE SOIT PAR IMPLICATION, ESTOPPEL OU AUTRE, OU TOUT DROIT EN VERTU D&rsquo;UN BREVET, D&rsquo;UNE MARQUE COMMERCIALE OU D&rsquo;UN DROIT D&rsquo;AUTEUR D&rsquo;OMNI CONVERSION TECHNOLOGIES OU DE TOUT TIERS.<\/p>\n<p>Ce site peut \u00e9galement contenir des informations provenant de tiers et des liens vers d&rsquo;autres sites Internet. Dans la mesure du possible, de l&rsquo;avis d&rsquo;OMNI CONVERSION TECHNOLOGIES, ces informations sont marqu\u00e9es en cons\u00e9quence. OMNI CONVERSION TECHNOLOGIES n&rsquo;assume aucune responsabilit\u00e9 quant \u00e0 ces informations tierces. De plus, nous n&rsquo;avons aucune connaissance des informations contenues dans d&rsquo;autres sites Internet et d\u00e9clinons toute responsabilit\u00e9 quant \u00e0 ces informations.<\/p>\n<p>OMNI CONVERSION TECHNOLOGIES continuera de mettre tout en \u0153uvre pour fournir des informations pr\u00e9cises et \u00e0 jour. Cependant, OMNI CONVERSION TECHNOLOGIES n&rsquo;offre AUCUNE GARANTIE OU D\u00c9CLARATION, EXPRESSE OU IMPLICITE, QUE LES INFORMATIONS CONTENUES OU R\u00c9F\u00c9R\u00c9ES DANS LES PR\u00c9SENTES SONT EXACTES OU COMPL\u00c8TES. DE PLUS, OMNI CONVERSION TECHNOLOGIES NE PEUT \u00caTRE TENUE RESPONSABLE DE QUELQUE MANI\u00c8RE QUE CE SOIT DES DOMMAGES DIRECTS, INDIRECTS, ACCESSOIRES, CONS\u00c9CUTIFS OU PUNITIFS R\u00c9SULTANT DE L&rsquo;UTILISATION, DE L&rsquo;ACC\u00c8S OU DE L&rsquo;INCAPACIT\u00c9 \u00c0 UTILISER CES INFORMATIONS. DE PLUS, OMNI CONVERSION TECHNOLOGIES NE SERA EN AUCUN CAS RESPONSABLE DES ERREURS OU OMISSIONS POSSIBLES DANS LE CONTENU DES PR\u00c9SENTES.<\/p>\n<p>Toute communication ou mat\u00e9riel que vous transmettez \u00e0 ce site par courrier \u00e9lectronique ou autrement, y compris les donn\u00e9es, questions, commentaires, suggestions ou autres, est et sera trait\u00e9 comme non confidentiel et non exclusif. L&rsquo;exp\u00e9diteur de toute communication vers ce site sera responsable du contenu et des informations qui y sont contenues, y compris de leur v\u00e9racit\u00e9 et de leur exactitude.<\/p>\n<p>Nous nous r\u00e9servons le droit de modifier le contenu de ce site Web de quelque mani\u00e8re que ce soit, \u00e0 tout moment, pour quelque raison que ce soit, sans notification pr\u00e9alable, et ne serons en aucun cas responsables des cons\u00e9quences possibles de ces modifications.<\/p>\n<p>OMNI CONVERSION TECHNOLOGIES est une marque de commerce d&rsquo;OMNI CONVERSION TECHNOLOGIES INC. Toutes les autres marques, noms commerciaux, noms de produits et noms de soci\u00e9t\u00e9s et\/ou logos cit\u00e9s dans le pr\u00e9sent document sont la propri\u00e9t\u00e9 de leurs d\u00e9tenteurs respectifs.<\/p>\n","protected":false},"excerpt":{"rendered":"<p>Ce site Web a \u00e9t\u00e9 con\u00e7u pour fournir des informations g\u00e9n\u00e9rales sur OMNI CONVERSION TECHNOLOGIES INC. Toute information contenue ou r\u00e9f\u00e9renc\u00e9e dans ce site Web ne sert qu&rsquo;\u00e0 titre d&rsquo;introduction \u00e0 OMNI CONVERSION TECHNOLOGIES et \u00e0 ses offres de produits et de services. Pour des informations sp\u00e9cifiques, veuillez contacter directement OMNI CONVERSION TECHNOLOGIES. Toutes les&#8230;<\/p>\n","protected":false},"author":1,"featured_media":0,"parent":0,"menu_order":0,"comment_status":"closed","ping_status":"closed","template":"page-classic-template.php","meta":{"_acf_changed":false,"footnotes":""},"class_list":["post-1136","page","type-page","status-publish","hentry"],"acf":[],"yoast_head":"<!-- This site is optimized with the Yoast SEO plugin v27.4 - https:\/\/yoast.com\/product\/yoast-seo-wordpress\/ -->\n<title>Confidentialit\u00e9 et mentions l\u00e9gales | OMNI Conversion Technologies Inc.<\/title>\n<meta name=\"robots\" content=\"index, follow, max-snippet:-1, max-image-preview:large, max-video-preview:-1\" \/>\n<link rel=\"canonical\" href=\"https:\/\/omnict.com\/fr\/confidentialite-et-mentions-legales\/\" \/>\n<meta property=\"og:locale\" content=\"fr_FR\" \/>\n<meta property=\"og:type\" content=\"article\" \/>\n<meta property=\"og:title\" content=\"Confidentialit\u00e9 et mentions l\u00e9gales | OMNI Conversion Technologies Inc.\" \/>\n<meta property=\"og:description\" content=\"Ce site Web a \u00e9t\u00e9 con\u00e7u pour fournir des informations g\u00e9n\u00e9rales sur OMNI CONVERSION TECHNOLOGIES INC. Toute information contenue ou r\u00e9f\u00e9renc\u00e9e dans ce site Web ne sert qu&rsquo;\u00e0 titre d&rsquo;introduction \u00e0 OMNI CONVERSION TECHNOLOGIES et \u00e0 ses offres de produits et de services. Pour des informations sp\u00e9cifiques, veuillez contacter directement OMNI CONVERSION TECHNOLOGIES. Toutes les...\" \/>\n<meta property=\"og:url\" content=\"https:\/\/omnict.com\/fr\/confidentialite-et-mentions-legales\/\" \/>\n<meta property=\"og:site_name\" content=\"OMNI Conversion Technologies Inc.\" \/>\n<meta property=\"article:modified_time\" content=\"2023-09-20T20:32:02+00:00\" \/>\n<meta name=\"twitter:card\" content=\"summary_large_image\" \/>\n<meta name=\"twitter:label1\" content=\"Dur\u00e9e de lecture estim\u00e9e\" \/>\n\t<meta name=\"twitter:data1\" content=\"3 minutes\" \/>\n<script type=\"application\/ld+json\" class=\"yoast-schema-graph\">{\"@context\":\"https:\\\/\\\/schema.org\",\"@graph\":[{\"@type\":\"WebPage\",\"@id\":\"https:\\\/\\\/omnict.com\\\/fr\\\/confidentialite-et-mentions-legales\\\/\",\"url\":\"https:\\\/\\\/omnict.com\\\/fr\\\/confidentialite-et-mentions-legales\\\/\",\"name\":\"Confidentialit\u00e9 et mentions l\u00e9gales | OMNI Conversion Technologies Inc.\",\"isPartOf\":{\"@id\":\"https:\\\/\\\/omnict.com\\\/#website\"},\"datePublished\":\"2023-08-02T19:23:59+00:00\",\"dateModified\":\"2023-09-20T20:32:02+00:00\",\"breadcrumb\":{\"@id\":\"https:\\\/\\\/omnict.com\\\/fr\\\/confidentialite-et-mentions-legales\\\/#breadcrumb\"},\"inLanguage\":\"fr-FR\",\"potentialAction\":[{\"@type\":\"ReadAction\",\"target\":[\"https:\\\/\\\/omnict.com\\\/fr\\\/confidentialite-et-mentions-legales\\\/\"]}]},{\"@type\":\"BreadcrumbList\",\"@id\":\"https:\\\/\\\/omnict.com\\\/fr\\\/confidentialite-et-mentions-legales\\\/#breadcrumb\",\"itemListElement\":[{\"@type\":\"ListItem\",\"position\":1,\"name\":\"Home\",\"item\":\"https:\\\/\\\/omnict.com\\\/fr\\\/\"},{\"@type\":\"ListItem\",\"position\":2,\"name\":\"Confidentialit\u00e9 et mentions l\u00e9gales\"}]},{\"@type\":\"WebSite\",\"@id\":\"https:\\\/\\\/omnict.com\\\/#website\",\"url\":\"https:\\\/\\\/omnict.com\\\/\",\"name\":\"OMNI Conversion Technologies Inc.\",\"description\":\"\",\"potentialAction\":[{\"@type\":\"SearchAction\",\"target\":{\"@type\":\"EntryPoint\",\"urlTemplate\":\"https:\\\/\\\/omnict.com\\\/?s={search_term_string}\"},\"query-input\":{\"@type\":\"PropertyValueSpecification\",\"valueRequired\":true,\"valueName\":\"search_term_string\"}}],\"inLanguage\":\"fr-FR\"}]}<\/script>\n<!-- \/ Yoast SEO plugin. -->","yoast_head_json":{"title":"Confidentialit\u00e9 et mentions l\u00e9gales | OMNI Conversion Technologies Inc.","robots":{"index":"index","follow":"follow","max-snippet":"max-snippet:-1","max-image-preview":"max-image-preview:large","max-video-preview":"max-video-preview:-1"},"canonical":"https:\/\/omnict.com\/fr\/confidentialite-et-mentions-legales\/","og_locale":"fr_FR","og_type":"article","og_title":"Confidentialit\u00e9 et mentions l\u00e9gales | OMNI Conversion Technologies Inc.","og_description":"Ce site Web a \u00e9t\u00e9 con\u00e7u pour fournir des informations g\u00e9n\u00e9rales sur OMNI CONVERSION TECHNOLOGIES INC. Toute information contenue ou r\u00e9f\u00e9renc\u00e9e dans ce site Web ne sert qu&rsquo;\u00e0 titre d&rsquo;introduction \u00e0 OMNI CONVERSION TECHNOLOGIES et \u00e0 ses offres de produits et de services. Pour des informations sp\u00e9cifiques, veuillez contacter directement OMNI CONVERSION TECHNOLOGIES. Toutes les...","og_url":"https:\/\/omnict.com\/fr\/confidentialite-et-mentions-legales\/","og_site_name":"OMNI Conversion Technologies Inc.","article_modified_time":"2023-09-20T20:32:02+00:00","twitter_card":"summary_large_image","twitter_misc":{"Dur\u00e9e de lecture estim\u00e9e":"3 minutes"},"schema":{"@context":"https:\/\/schema.org","@graph":[{"@type":"WebPage","@id":"https:\/\/omnict.com\/fr\/confidentialite-et-mentions-legales\/","url":"https:\/\/omnict.com\/fr\/confidentialite-et-mentions-legales\/","name":"Confidentialit\u00e9 et mentions l\u00e9gales | OMNI Conversion Technologies Inc.","isPartOf":{"@id":"https:\/\/omnict.com\/#website"},"datePublished":"2023-08-02T19:23:59+00:00","dateModified":"2023-09-20T20:32:02+00:00","breadcrumb":{"@id":"https:\/\/omnict.com\/fr\/confidentialite-et-mentions-legales\/#breadcrumb"},"inLanguage":"fr-FR","potentialAction":[{"@type":"ReadAction","target":["https:\/\/omnict.com\/fr\/confidentialite-et-mentions-legales\/"]}]},{"@type":"BreadcrumbList","@id":"https:\/\/omnict.com\/fr\/confidentialite-et-mentions-legales\/#breadcrumb","itemListElement":[{"@type":"ListItem","position":1,"name":"Home","item":"https:\/\/omnict.com\/fr\/"},{"@type":"ListItem","position":2,"name":"Confidentialit\u00e9 et mentions l\u00e9gales"}]},{"@type":"WebSite","@id":"https:\/\/omnict.com\/#website","url":"https:\/\/omnict.com\/","name":"OMNI Conversion Technologies Inc.","description":"","potentialAction":[{"@type":"SearchAction","target":{"@type":"EntryPoint","urlTemplate":"https:\/\/omnict.com\/?s={search_term_string}"},"query-input":{"@type":"PropertyValueSpecification","valueRequired":true,"valueName":"search_term_string"}}],"inLanguage":"fr-FR"}]}},"_links":{"self":[{"href":"https:\/\/omnict.com\/fr\/wp-json\/wp\/v2\/pages\/1136","targetHints":{"allow":["GET"]}}],"collection":[{"href":"https:\/\/omnict.com\/fr\/wp-json\/wp\/v2\/pages"}],"about":[{"href":"https:\/\/omnict.com\/fr\/wp-json\/wp\/v2\/types\/page"}],"author":[{"embeddable":true,"href":"https:\/\/omnict.com\/fr\/wp-json\/wp\/v2\/users\/1"}],"replies":[{"embeddable":true,"href":"https:\/\/omnict.com\/fr\/wp-json\/wp\/v2\/comments?post=1136"}],"version-history":[{"count":1,"href":"https:\/\/omnict.com\/fr\/wp-json\/wp\/v2\/pages\/1136\/revisions"}],"predecessor-version":[{"id":1395,"href":"https:\/\/omnict.com\/fr\/wp-json\/wp\/v2\/pages\/1136\/revisions\/1395"}],"wp:attachment":[{"href":"https:\/\/omnict.com\/fr\/wp-json\/wp\/v2\/media?parent=1136"}],"curies":[{"name":"wp","href":"https:\/\/api.w.org\/{rel}","templated":true}]}}